{"id":3,"date":"2020-11-20T07:37:21","date_gmt":"2020-11-20T06:37:21","guid":{"rendered":"http:\/\/siroplemag.be\/bruxelles\/?page_id=3"},"modified":"2020-11-25T20:53:20","modified_gmt":"2020-11-25T19:53:20","slug":"politique-de-confidentialite","status":"publish","type":"page","link":"https:\/\/siroplemag.be\/bruxelles\/politique-de-confidentialite\/","title":{"rendered":"Politique de confidentialit\u00e9"},"content":{"rendered":"\n<h2 class=\"wp-block-heading\">Qui sommes-nous&nbsp;?<\/h2>\n\n\n\n<p>L\u2019adresse de notre site Web est&nbsp;: https:\/\/siroplemag.be\/bruxelles.<\/p>\n\n\n\n<p>Le propri\u00e9taire c&rsquo;est<\/p>\n\n\n\n<p>Awatron<br>Rue Souverain Pont 7\/002<br>4000 Li\u00e8ge<br>N\u00b0BCE: BE06 6088 0596<\/p>\n\n\n\n<p>contact@siroplemag.be<\/p>\n\n\n\n<h2 class=\"wp-block-heading\">Utilisation des donn\u00e9es personnelles collect\u00e9es<\/h2>\n\n\n\n<h3 class=\"wp-block-heading\">Formulaires de contact<\/h3>\n\n\n\n<p>Lorsque vous utilisez le formulaire de contact. Votre adresse e-mail est enregistr\u00e9e dans le service externe Mailchimp. <\/p>\n\n\n\n<p>Ce service nous permet de vous envoyer des newsletters de qualit\u00e9s.<\/p>\n\n\n\n<h3 class=\"wp-block-heading\">Cookies<\/h3>\n\n\n\n<p>Si vous vous rendez sur la page de connexion, un cookie temporaire sera cr\u00e9\u00e9 afin de d\u00e9terminer si votre navigateur accepte les cookies. Il ne contient pas de donn\u00e9es personnelles et sera supprim\u00e9 automatiquement \u00e0 la fermeture de votre navigateur.<\/p>\n\n\n\n<p>Lorsque vous vous connecterez, nous mettrons en place un certain nombre de cookies pour enregistrer vos informations de connexion et vos pr\u00e9f\u00e9rences d\u2019\u00e9cran. La dur\u00e9e de vie d\u2019un cookie de connexion est de deux jours, celle d\u2019un cookie d\u2019option d\u2019\u00e9cran est d\u2019un an. Si vous cochez \u00ab&nbsp;Se souvenir de moi&nbsp;\u00bb, votre cookie de connexion sera conserv\u00e9 pendant deux semaines. Si vous vous d\u00e9connectez de votre compte, le cookie de connexion sera effac\u00e9.<\/p>\n\n\n\n<p>En modifiant ou en publiant une publication, un cookie suppl\u00e9mentaire sera enregistr\u00e9 dans votre navigateur. Ce cookie ne comprend aucune donn\u00e9e personnelle. Il indique simplement l\u2019ID de la publication que vous venez de modifier. Il expire au bout d\u2019un jour.<\/p>\n\n\n\n<h3 class=\"wp-block-heading\">Contenu embarqu\u00e9 depuis d\u2019autres sites<\/h3>\n\n\n\n<p>Les articles de ce site peuvent inclure des contenus int\u00e9gr\u00e9s (par exemple des vid\u00e9os, images, articles\u2026). Le contenu int\u00e9gr\u00e9 depuis d\u2019autres sites se comporte de la m\u00eame mani\u00e8re que si le visiteur se rendait sur cet autre site.<\/p>\n\n\n\n<p>Ces sites web pourraient collecter des donn\u00e9es sur vous, utiliser des cookies, embarquer des outils de suivis tiers, suivre vos interactions avec ces contenus embarqu\u00e9s si vous disposez d\u2019un compte connect\u00e9 sur leur site web.<\/p>\n\n\n\n<h3 class=\"wp-block-heading\">Statistiques et mesures d\u2019audience<\/h3>\n\n\n\n<p>Nous utilisons les outils de Google Analytics pour mesurer l&rsquo;audience de siroplemag.be<\/p>\n\n\n\n<h2 class=\"wp-block-heading\">Utilisation et transmission de vos donn\u00e9es personnelles<\/h2>\n\n\n\n<p>Vos donn\u00e9es ne sont utilis\u00e9es que pour vous envoyer des newsletters (si vous en avez fait la demande) ou pour valider et exp\u00e9dier les commandes pass\u00e9es sur notre site.<\/p>\n\n\n\n<p>Nous collectons des informations lors de la validation de commande sur notre boutique.<\/p>\n\n\n\n<h2 class=\"wp-block-heading\">Ce que nous collectons et stockons<\/h2>\n\n\n\n<p>Pendant votre visite du site, nous suivons&nbsp;:<\/p>\n\n\n\n<ul class=\"wp-block-list\"><li>Produits que vous avez vu&nbsp;: nous les utilisons pour, par exemple, afficher des produits que vous avez r\u00e9cemment vu<\/li><li>Localisation, adresse IP et type de navigateur&nbsp;: nous les utilisons pour l\u2018estimation des taxes et frais de livraison<\/li><li>Adresse de livraison&nbsp;: nous vous demanderons de la saisir pour estimer les frais de livraison avant que vous passiez commande, et pour vous envoyer la commande&nbsp;!<\/li><\/ul>\n\n\n\n<p>Nous utilisons des cookies pour suivre les contenus du panier pendant que vous naviguez sur notre site.<\/p>\n\n\n\n<p>Quand vous achetez sur notre site web, nous vous demanderons de fournir des informations incluant votre nom, adresse de facturation, adresse de livraison, adresse de messagerie, num\u00e9ro de t\u00e9l\u00e9phone, donn\u00e9es de paiement \/ carte bancaire et \u00e9ventuellement les donn\u00e9es du compte tel que l\u2019identifiant et le mot de passe. Ces informations seront utilis\u00e9es pour&nbsp;:<\/p>\n\n\n\n<ul class=\"wp-block-list\"><li>Envoie de l\u2019information \u00e0 propos de votre compte et commande<\/li><li>R\u00e9pondre aux demandes, incluant les remboursements et plaintes<\/li><li>Traitement des paiements et pr\u00e9vention de la fraude<\/li><li>Configurez votre compte pour notre boutique<\/li><li>Se conformer avec toute obligation l\u00e9gale, telle que le calcul des taxes<\/li><li>Am\u00e9liorer les offres de notre boutique<\/li><li>Vous envoyer des messages marketing, si vous choisissez d\u2019en recevoir<\/li><\/ul>\n\n\n\n<p>Si vous cr\u00e9ez un compte, nous stockons votre nom, adresse, e-mail, et num\u00e9ro de t\u00e9l\u00e9phone, qui sera utilis\u00e9 pour pr\u00e9remplir la validation de commande pour les prochaines commandes.<\/p>\n\n\n\n<p>Nous stockons g\u00e9n\u00e9ralement vos informations aussi longtemps que nous en avons besoin pour l\u2019usage pour lequel nous les collectons et utilisons, et nous ne sommes pas oblig\u00e9s l\u00e9galement de continuer \u00e0 les conserver. Par exemple, nous stockons les informations de commande pour XXX ann\u00e9es pour les taxes et la comptabilit\u00e9. Ceci inclut votre nom, e-mail et adresses de facturation et livraison.<\/p>\n\n\n\n<p>Nous stockons aussi les commentaires ou avis, si vous choisissez d\u2019en envoyer.<\/p>\n\n\n\n<h2 class=\"wp-block-heading\">Qui de notre \u00e9quipe a acc\u00e8s aux donn\u00e9es<\/h2>\n\n\n\n<p>Les membres de notre \u00e9quipe ont acc\u00e8s aux informations que vous nous fournissez. Par exemple, les administrateurs et g\u00e9rants de boutique ont acc\u00e8s&nbsp;:<\/p>\n\n\n\n<ul class=\"wp-block-list\"><li>Information de commande tel que ce qui a \u00e9t\u00e9 achet\u00e9, quand et o\u00f9 cela doit \u00eatre envoy\u00e9, et<\/li><li>Information client tel que votre nom, adresse de messagerie et informations de facturation et livraison.<\/li><\/ul>\n\n\n\n<p>Notre \u00e9quipe a acc\u00e8s \u00e0 ces informations pour tra\u00eeter les commandes, effectuer les remboursements et vous aider.<\/p>\n\n\n\n<h2 class=\"wp-block-heading\">Ce que nous partageons avec d\u2019autres<\/h2>\n\n\n\n<p>Nous partageons des donn\u00e9es avec des tiers qui nous aident \u00e0 g\u00e9rer nos commandes et services de la boutique; par exemple &#8212;<\/p>\n\n\n\n<h2 class=\"wp-block-heading\">WooCommerce<\/h2>\n\n\n\n<p>Ce language accessible inclut les bases sur les donn\u00e9es personnelles que votre boutique peut collecter, stocker et partager, et en plus qui peut avoir acc\u00e8s aux donn\u00e9es. En fonction de vos r\u00e9glages et quels extensions vous utilisez, les informations partag\u00e9es peuvent varier. Nous recommandons de consulter un avocat au moment de d\u00e9cider quels information divulguer dans votre politique de confidentialit\u00e9.<\/p>\n\n\n\n<p>Nous collectons des informations lors de la validation de commande sur notre boutique.<\/p>\n\n\n\n<h2 class=\"wp-block-heading\">Ce que nous collectons et stockons<\/h2>\n\n\n\n<p>Pendant votre visite du site, nous suivons&nbsp;:<\/p>\n\n\n\n<ul class=\"wp-block-list\"><li>Produits que vous avez vu&nbsp;: nous les utilisons pour, par exemple, afficher des produits que vous avez r\u00e9cemment vu<\/li><li>Localisation, adresse IP et type de navigateur&nbsp;: nous les utilisons pour l\u2018estimation des taxes et frais de livraison<\/li><li>Adresse de livraison&nbsp;: nous vous demanderons de la saisir pour estimer les frais de livraison avant que vous passiez commande, et pour vous envoyer la commande&nbsp;!<\/li><\/ul>\n\n\n\n<p>Nous utilisons des cookies pour suivre les contenus du panier pendant que vous naviguez sur notre site.<\/p>\n\n\n\n<p>Note&nbsp;: vous pouvez d\u00e9tailler votre politique de cookies, et faire un lien vers cette section \u00e0 partir d\u2019ici.<\/p>\n\n\n\n<p>Quand vous achetez sur notre site web, nous vous demanderons de fournir des informations incluant votre nom, adresse de facturation, adresse de livraison, adresse de messagerie, num\u00e9ro de t\u00e9l\u00e9phone, donn\u00e9es de paiement \/ carte bancaire et \u00e9ventuellement les donn\u00e9es du compte tel que l\u2019identifiant et le mot de passe. Ces informations seront utilis\u00e9es pour&nbsp;:<\/p>\n\n\n\n<ul class=\"wp-block-list\"><li>Envoie de l\u2019information \u00e0 propos de votre compte et commande<\/li><li>R\u00e9pondre aux demandes, incluant les remboursements et plaintes<\/li><li>Traitement des paiements et pr\u00e9vention de la fraude<\/li><li>Configurez votre compte pour notre boutique<\/li><li>Se conformer avec toute obligation l\u00e9gale, telle que le calcul des taxes<\/li><li>Am\u00e9liorer les offres de notre boutique<\/li><li>Vous envoyer des messages marketing, si vous choisissez d\u2019en recevoir<\/li><\/ul>\n\n\n\n<p>Si vous cr\u00e9ez un compte, nous stockons votre nom, adresse, e-mail, et num\u00e9ro de t\u00e9l\u00e9phone, qui sera utilis\u00e9 pour pr\u00e9remplir la validation de commande pour les prochaines commandes.<\/p>\n\n\n\n<p>Nous stockons g\u00e9n\u00e9ralement vos informations aussi longtemps que nous en avons besoin pour l\u2019usage pour lequel nous les collectons et utilisons, et nous ne sommes pas oblig\u00e9s l\u00e9galement de continuer \u00e0 les conserver. Par exemple, nous stockons les informations de commande pour XXX ann\u00e9es pour les taxes et la comptabilit\u00e9. Ceci inclut votre nom, e-mail et adresses de facturation et livraison.<\/p>\n\n\n\n<p>Nous stockons aussi les commentaires ou avis, si vous choisissez d\u2019en envoyer.<\/p>\n\n\n\n<h2 class=\"wp-block-heading\">Qui de notre \u00e9quipe a acc\u00e8s aux donn\u00e9es<\/h2>\n\n\n\n<p>Les membres de notre \u00e9quipe ont acc\u00e8s aux informations que vous nous fournissez. Par exemple, les administrateurs et g\u00e9rants de boutique ont acc\u00e8s&nbsp;:<\/p>\n\n\n\n<ul class=\"wp-block-list\"><li>Information de commande tel que ce qui a \u00e9t\u00e9 achet\u00e9, quand et o\u00f9 cela doit \u00eatre envoy\u00e9, et<\/li><li>Information client tel que votre nom, adresse de messagerie et informations de facturation et livraison.<\/li><\/ul>\n\n\n\n<p>Notre \u00e9quipe a acc\u00e8s \u00e0 ces informations pour tra\u00eeter les commandes, effectuer les remboursements et vous aider.<\/p>\n\n\n\n<h2 class=\"wp-block-heading\">Ce que nous partageons avec d\u2019autres<\/h2>\n\n\n\n<p>Dans cette section, vous devez lister avec qui vous partagez des donn\u00e9es, et pour quelle fin. Ceci inclut, mais n\u2019est pas limit\u00e9 \u00e0, statistiques, marketing, passerelles de paiement, transporteurs, et contenus tiers.<\/p>\n\n\n\n<p>Nous partageons des donn\u00e9es avec des tiers qui nous aident \u00e0 g\u00e9rer nos commandes et services de la boutique; par exemple &#8212;<\/p>\n\n\n\n<h2 class=\"wp-block-heading\">Paiements<\/h2>\n\n\n\n<p>Nous acceptons les paiements par Mollie. Lors du traitement des paiements, certains donn\u00e9es seront transmises \u00e0 Mollie, incluant l\u2019information obligatoires \u00e0 l\u2019ex\u00e9cution du paiement, tel que le montant total ou les informations de facturation.<\/p>\n\n\n\n<h2 class=\"wp-block-heading\">Dur\u00e9es de stockage de vos donn\u00e9es<\/h2>\n\n\n\n<p>Pour les utilisateurs et utilisatrices qui s\u2019enregistrent sur notre site (si cela est possible), nous stockons \u00e9galement les donn\u00e9es personnelles indiqu\u00e9es dans leur profil. Tous les utilisateurs et utilisatrices peuvent voir, modifier ou supprimer leurs informations personnelles \u00e0 tout moment (\u00e0 l\u2019exception de leur nom d\u2019utilisateur\u00b7ice). Les gestionnaires du site peuvent aussi voir et modifier ces informations.<\/p>\n\n\n\n<h2 class=\"wp-block-heading\">Les droits que vous avez sur vos donn\u00e9es<\/h2>\n\n\n\n<p>Si vous avez un compte ou si vous avez laiss\u00e9 des commentaires sur le site, vous pouvez demander \u00e0 recevoir un fichier contenant toutes les donn\u00e9es personnelles que nous poss\u00e9dons \u00e0 votre sujet, incluant celles que vous nous avez fournies. Vous pouvez \u00e9galement demander la suppression des donn\u00e9es personnelles vous concernant. Cela ne prend pas en compte les donn\u00e9es stock\u00e9es \u00e0 des fins administratives, l\u00e9gales ou pour des raisons de s\u00e9curit\u00e9.<\/p>\n\n\n\n<h2 class=\"wp-block-heading\">Informations de contact<\/h2>\n\n\n\n<p>contact@siroplemag.be<\/p>\n","protected":false},"excerpt":{"rendered":"<p>Qui sommes-nous&nbsp;? L\u2019adresse de notre site Web est&nbsp;: https:\/\/siroplemag.be\/bruxelles. Le propri\u00e9taire c&rsquo;est AwatronRue Souverain Pont 7\/0024000 Li\u00e8geN\u00b0BCE: BE06 6088 0596 contact@siroplemag.be Utilisation des donn\u00e9es personnelles collect\u00e9es Formulaires de contact Lorsque&#8230;<\/p>\n","protected":false},"author":1,"featured_media":0,"parent":0,"menu_order":0,"comment_status":"closed","ping_status":"open","template":"","meta":{"footnotes":""},"class_list":["post-3","page","type-page","status-publish"],"yoast_head":"<!-- This site is optimized with the Yoast SEO plugin v26.8 - https:\/\/yoast.com\/product\/yoast-seo-wordpress\/ -->\n<title>Politique de confidentialit\u00e9 - SIROP DE BRUXELLES<\/title>\n<meta name=\"robots\" content=\"index, follow, max-snippet:-1, max-image-preview:large, max-video-preview:-1\" \/>\n<link rel=\"canonical\" href=\"https:\/\/siroplemag.be\/bruxelles\/politique-de-confidentialite\/\" \/>\n<meta property=\"og:locale\" content=\"fr_FR\" \/>\n<meta property=\"og:type\" content=\"article\" \/>\n<meta property=\"og:title\" content=\"Politique de confidentialit\u00e9 - SIROP DE BRUXELLES\" \/>\n<meta property=\"og:description\" content=\"Qui sommes-nous&nbsp;? L\u2019adresse de notre site Web est&nbsp;: https:\/\/siroplemag.be\/bruxelles. Le propri\u00e9taire c&rsquo;est AwatronRue Souverain Pont 7\/0024000 Li\u00e8geN\u00b0BCE: BE06 6088 0596 contact@siroplemag.be Utilisation des donn\u00e9es personnelles collect\u00e9es Formulaires de contact Lorsque...\" \/>\n<meta property=\"og:url\" content=\"https:\/\/siroplemag.be\/bruxelles\/politique-de-confidentialite\/\" \/>\n<meta property=\"og:site_name\" content=\"SIROP DE BRUXELLES\" \/>\n<meta property=\"article:modified_time\" content=\"2020-11-25T19:53:20+00:00\" \/>\n<meta name=\"twitter:card\" content=\"summary_large_image\" \/>\n<meta name=\"twitter:label1\" content=\"Dur\u00e9e de lecture est.\" \/>\n\t<meta name=\"twitter:data1\" content=\"8 minutes\" \/>\n<script type=\"application\/ld+json\" class=\"yoast-schema-graph\">{\"@context\":\"https:\/\/schema.org\",\"@graph\":[{\"@type\":\"WebPage\",\"@id\":\"https:\/\/siroplemag.be\/bruxelles\/politique-de-confidentialite\/\",\"url\":\"https:\/\/siroplemag.be\/bruxelles\/politique-de-confidentialite\/\",\"name\":\"Politique de confidentialit\u00e9 - SIROP DE BRUXELLES\",\"isPartOf\":{\"@id\":\"https:\/\/siroplemag.be\/bruxelles\/#website\"},\"datePublished\":\"2020-11-20T06:37:21+00:00\",\"dateModified\":\"2020-11-25T19:53:20+00:00\",\"breadcrumb\":{\"@id\":\"https:\/\/siroplemag.be\/bruxelles\/politique-de-confidentialite\/#breadcrumb\"},\"inLanguage\":\"fr-BE\",\"potentialAction\":[{\"@type\":\"ReadAction\",\"target\":[\"https:\/\/siroplemag.be\/bruxelles\/politique-de-confidentialite\/\"]}]},{\"@type\":\"BreadcrumbList\",\"@id\":\"https:\/\/siroplemag.be\/bruxelles\/politique-de-confidentialite\/#breadcrumb\",\"itemListElement\":[{\"@type\":\"ListItem\",\"position\":1,\"name\":\"Accueil\",\"item\":\"https:\/\/siroplemag.be\/bruxelles\/\"},{\"@type\":\"ListItem\",\"position\":2,\"name\":\"Politique de confidentialit\u00e9\"}]},{\"@type\":\"WebSite\",\"@id\":\"https:\/\/siroplemag.be\/bruxelles\/#website\",\"url\":\"https:\/\/siroplemag.be\/bruxelles\/\",\"name\":\"SIROP DE BRUXELLES\",\"description\":\"Votre magazine semestriel aliment\u00e9 par du contenu exclusif autour d\u2019une baseline forte.\",\"publisher\":{\"@id\":\"https:\/\/siroplemag.be\/bruxelles\/#organization\"},\"potentialAction\":[{\"@type\":\"SearchAction\",\"target\":{\"@type\":\"EntryPoint\",\"urlTemplate\":\"https:\/\/siroplemag.be\/bruxelles\/?s={search_term_string}\"},\"query-input\":{\"@type\":\"PropertyValueSpecification\",\"valueRequired\":true,\"valueName\":\"search_term_string\"}}],\"inLanguage\":\"fr-BE\"},{\"@type\":\"Organization\",\"@id\":\"https:\/\/siroplemag.be\/bruxelles\/#organization\",\"name\":\"SIROP\",\"url\":\"https:\/\/siroplemag.be\/bruxelles\/\",\"logo\":{\"@type\":\"ImageObject\",\"inLanguage\":\"fr-BE\",\"@id\":\"https:\/\/siroplemag.be\/bruxelles\/#\/schema\/logo\/image\/\",\"url\":\"https:\/\/siroplemag.be\/bruxelles\/wp-content\/uploads\/2020\/11\/Sirop_LOGO_AH2020.png\",\"contentUrl\":\"https:\/\/siroplemag.be\/bruxelles\/wp-content\/uploads\/2020\/11\/Sirop_LOGO_AH2020.png\",\"width\":400,\"height\":229,\"caption\":\"SIROP\"},\"image\":{\"@id\":\"https:\/\/siroplemag.be\/bruxelles\/#\/schema\/logo\/image\/\"},\"sameAs\":[\"https:\/\/www.instagram.com\/siroplemag\/\"]}]}<\/script>\n<!-- \/ Yoast SEO plugin. -->","yoast_head_json":{"title":"Politique de confidentialit\u00e9 - SIROP DE BRUXELLES","robots":{"index":"index","follow":"follow","max-snippet":"max-snippet:-1","max-image-preview":"max-image-preview:large","max-video-preview":"max-video-preview:-1"},"canonical":"https:\/\/siroplemag.be\/bruxelles\/politique-de-confidentialite\/","og_locale":"fr_FR","og_type":"article","og_title":"Politique de confidentialit\u00e9 - SIROP DE BRUXELLES","og_description":"Qui sommes-nous&nbsp;? L\u2019adresse de notre site Web est&nbsp;: https:\/\/siroplemag.be\/bruxelles. Le propri\u00e9taire c&rsquo;est AwatronRue Souverain Pont 7\/0024000 Li\u00e8geN\u00b0BCE: BE06 6088 0596 contact@siroplemag.be Utilisation des donn\u00e9es personnelles collect\u00e9es Formulaires de contact Lorsque...","og_url":"https:\/\/siroplemag.be\/bruxelles\/politique-de-confidentialite\/","og_site_name":"SIROP DE BRUXELLES","article_modified_time":"2020-11-25T19:53:20+00:00","twitter_card":"summary_large_image","twitter_misc":{"Dur\u00e9e de lecture est.":"8 minutes"},"schema":{"@context":"https:\/\/schema.org","@graph":[{"@type":"WebPage","@id":"https:\/\/siroplemag.be\/bruxelles\/politique-de-confidentialite\/","url":"https:\/\/siroplemag.be\/bruxelles\/politique-de-confidentialite\/","name":"Politique de confidentialit\u00e9 - SIROP DE BRUXELLES","isPartOf":{"@id":"https:\/\/siroplemag.be\/bruxelles\/#website"},"datePublished":"2020-11-20T06:37:21+00:00","dateModified":"2020-11-25T19:53:20+00:00","breadcrumb":{"@id":"https:\/\/siroplemag.be\/bruxelles\/politique-de-confidentialite\/#breadcrumb"},"inLanguage":"fr-BE","potentialAction":[{"@type":"ReadAction","target":["https:\/\/siroplemag.be\/bruxelles\/politique-de-confidentialite\/"]}]},{"@type":"BreadcrumbList","@id":"https:\/\/siroplemag.be\/bruxelles\/politique-de-confidentialite\/#breadcrumb","itemListElement":[{"@type":"ListItem","position":1,"name":"Accueil","item":"https:\/\/siroplemag.be\/bruxelles\/"},{"@type":"ListItem","position":2,"name":"Politique de confidentialit\u00e9"}]},{"@type":"WebSite","@id":"https:\/\/siroplemag.be\/bruxelles\/#website","url":"https:\/\/siroplemag.be\/bruxelles\/","name":"SIROP DE BRUXELLES","description":"Votre magazine semestriel aliment\u00e9 par du contenu exclusif autour d\u2019une baseline forte.","publisher":{"@id":"https:\/\/siroplemag.be\/bruxelles\/#organization"},"potentialAction":[{"@type":"SearchAction","target":{"@type":"EntryPoint","urlTemplate":"https:\/\/siroplemag.be\/bruxelles\/?s={search_term_string}"},"query-input":{"@type":"PropertyValueSpecification","valueRequired":true,"valueName":"search_term_string"}}],"inLanguage":"fr-BE"},{"@type":"Organization","@id":"https:\/\/siroplemag.be\/bruxelles\/#organization","name":"SIROP","url":"https:\/\/siroplemag.be\/bruxelles\/","logo":{"@type":"ImageObject","inLanguage":"fr-BE","@id":"https:\/\/siroplemag.be\/bruxelles\/#\/schema\/logo\/image\/","url":"https:\/\/siroplemag.be\/bruxelles\/wp-content\/uploads\/2020\/11\/Sirop_LOGO_AH2020.png","contentUrl":"https:\/\/siroplemag.be\/bruxelles\/wp-content\/uploads\/2020\/11\/Sirop_LOGO_AH2020.png","width":400,"height":229,"caption":"SIROP"},"image":{"@id":"https:\/\/siroplemag.be\/bruxelles\/#\/schema\/logo\/image\/"},"sameAs":["https:\/\/www.instagram.com\/siroplemag\/"]}]}},"_links":{"self":[{"href":"https:\/\/siroplemag.be\/bruxelles\/wp-json\/wp\/v2\/pages\/3","targetHints":{"allow":["GET"]}}],"collection":[{"href":"https:\/\/siroplemag.be\/bruxelles\/wp-json\/wp\/v2\/pages"}],"about":[{"href":"https:\/\/siroplemag.be\/bruxelles\/wp-json\/wp\/v2\/types\/page"}],"author":[{"embeddable":true,"href":"https:\/\/siroplemag.be\/bruxelles\/wp-json\/wp\/v2\/users\/1"}],"replies":[{"embeddable":true,"href":"https:\/\/siroplemag.be\/bruxelles\/wp-json\/wp\/v2\/comments?post=3"}],"version-history":[{"count":0,"href":"https:\/\/siroplemag.be\/bruxelles\/wp-json\/wp\/v2\/pages\/3\/revisions"}],"wp:attachment":[{"href":"https:\/\/siroplemag.be\/bruxelles\/wp-json\/wp\/v2\/media?parent=3"}],"curies":[{"name":"wp","href":"https:\/\/api.w.org\/{rel}","templated":true}]}}