{"id":781,"date":"2021-04-28T09:39:47","date_gmt":"2021-04-28T07:39:47","guid":{"rendered":"https:\/\/siroplemag.be\/bruxelles\/?post_type=product&#038;p=781"},"modified":"2022-08-18T16:39:49","modified_gmt":"2022-08-18T14:39:49","slug":"sirop-lesac","status":"publish","type":"product","link":"https:\/\/siroplemag.be\/bruxelles\/produit\/sirop-lesac\/","title":{"rendered":"SIROP #lesac"},"content":{"rendered":"","protected":false},"excerpt":{"rendered":"<p>Adieu tote bags, hello gym bags !<\/p>\n<p>Pour ranger pr\u00e9cieusement vos magazines pr\u00e9f\u00e9r\u00e9s, mettre vos tartines ou vous faire remarquer du Tout- Paris, SIROP vous propose son gym bag exclusif de couleur neutre. Un produit de haute couture, en coton recycl\u00e9 (80%), vegan, fair wear, non toxique et confectionn\u00e9 \u00e0 Li\u00e8ge par <a href=\"https:\/\/www.smartex.be\" target=\"_blank\" rel=\"noopener noreferrer\">Smartex<\/a>. Un bijou de durabilit\u00e9 et de responsabilit\u00e9 pour un quotidien en pleine conscience.<\/p>\n<p>Le cadeau id\u00e9al pour (s&rsquo;)offrir un \u00e9crin \u00e0 la hauteur de vos lectures. Avec ce gym bag SIROP qui ne laisse personne indiff\u00e9rent, vous l&rsquo;aurez compris, l&rsquo;affaire est dans le sac !<\/p>\n","protected":false},"featured_media":782,"comment_status":"open","ping_status":"closed","template":"","meta":[],"product_brand":[],"product_cat":[15],"product_tag":[22],"class_list":{"0":"post-781","1":"product","2":"type-product","3":"status-publish","4":"has-post-thumbnail","6":"product_cat-non-classe","7":"product_tag-gym-bag","9":"first","10":"outofstock","11":"shipping-taxable","12":"purchasable","13":"product-type-simple"},"yoast_head":"<!-- This site is optimized with the Yoast SEO plugin v26.8 - https:\/\/yoast.com\/product\/yoast-seo-wordpress\/ -->\n<title>SIROP #lesac - SIROP DE BRUXELLES<\/title>\n<meta name=\"robots\" content=\"index, follow, max-snippet:-1, max-image-preview:large, max-video-preview:-1\" \/>\n<link rel=\"canonical\" href=\"https:\/\/siroplemag.be\/bruxelles\/produit\/sirop-lesac\/\" \/>\n<meta property=\"og:locale\" content=\"fr_FR\" \/>\n<meta property=\"og:type\" content=\"article\" \/>\n<meta property=\"og:title\" content=\"SIROP #lesac - SIROP DE BRUXELLES\" \/>\n<meta property=\"og:description\" content=\"Adieu tote bags, hello gym bags !  Pour ranger pr\u00e9cieusement vos magazines pr\u00e9f\u00e9r\u00e9s, mettre vos tartines ou vous faire remarquer du Tout- Paris, SIROP vous propose son gym bag exclusif de couleur neutre. Un produit de haute couture, en coton recycl\u00e9 (80%), vegan, fair wear, non toxique et confectionn\u00e9 \u00e0 Li\u00e8ge par Smartex. Un bijou de durabilit\u00e9 et de responsabilit\u00e9 pour un quotidien en pleine conscience.  Le cadeau id\u00e9al pour (s&#039;)offrir un \u00e9crin \u00e0 la hauteur de vos lectures. Avec ce gym bag SIROP qui ne laisse personne indiff\u00e9rent, vous l&#039;aurez compris, l&#039;affaire est dans le sac !\" \/>\n<meta property=\"og:url\" content=\"https:\/\/siroplemag.be\/bruxelles\/produit\/sirop-lesac\/\" \/>\n<meta property=\"og:site_name\" content=\"SIROP DE BRUXELLES\" \/>\n<meta property=\"article:modified_time\" content=\"2022-08-18T14:39:49+00:00\" \/>\n<meta property=\"og:image\" content=\"https:\/\/siroplemag.be\/bruxelles\/wp-content\/uploads\/2022\/02\/2-1.png\" \/>\n\t<meta property=\"og:image:width\" content=\"800\" \/>\n\t<meta property=\"og:image:height\" content=\"800\" \/>\n\t<meta property=\"og:image:type\" content=\"image\/png\" \/>\n<meta name=\"twitter:card\" content=\"summary_large_image\" \/>\n<script type=\"application\/ld+json\" class=\"yoast-schema-graph\">{\"@context\":\"https:\/\/schema.org\",\"@graph\":[{\"@type\":\"WebPage\",\"@id\":\"https:\/\/siroplemag.be\/bruxelles\/produit\/sirop-lesac\/\",\"url\":\"https:\/\/siroplemag.be\/bruxelles\/produit\/sirop-lesac\/\",\"name\":\"SIROP #lesac - SIROP DE BRUXELLES\",\"isPartOf\":{\"@id\":\"https:\/\/siroplemag.be\/bruxelles\/#website\"},\"primaryImageOfPage\":{\"@id\":\"https:\/\/siroplemag.be\/bruxelles\/produit\/sirop-lesac\/#primaryimage\"},\"image\":{\"@id\":\"https:\/\/siroplemag.be\/bruxelles\/produit\/sirop-lesac\/#primaryimage\"},\"thumbnailUrl\":\"https:\/\/siroplemag.be\/bruxelles\/wp-content\/uploads\/2022\/02\/2-1.png\",\"datePublished\":\"2021-04-28T07:39:47+00:00\",\"dateModified\":\"2022-08-18T14:39:49+00:00\",\"breadcrumb\":{\"@id\":\"https:\/\/siroplemag.be\/bruxelles\/produit\/sirop-lesac\/#breadcrumb\"},\"inLanguage\":\"fr-BE\",\"potentialAction\":[{\"@type\":\"ReadAction\",\"target\":[\"https:\/\/siroplemag.be\/bruxelles\/produit\/sirop-lesac\/\"]}]},{\"@type\":\"ImageObject\",\"inLanguage\":\"fr-BE\",\"@id\":\"https:\/\/siroplemag.be\/bruxelles\/produit\/sirop-lesac\/#primaryimage\",\"url\":\"https:\/\/siroplemag.be\/bruxelles\/wp-content\/uploads\/2022\/02\/2-1.png\",\"contentUrl\":\"https:\/\/siroplemag.be\/bruxelles\/wp-content\/uploads\/2022\/02\/2-1.png\",\"width\":800,\"height\":800},{\"@type\":\"BreadcrumbList\",\"@id\":\"https:\/\/siroplemag.be\/bruxelles\/produit\/sirop-lesac\/#breadcrumb\",\"itemListElement\":[{\"@type\":\"ListItem\",\"position\":1,\"name\":\"Accueil\",\"item\":\"https:\/\/siroplemag.be\/bruxelles\/\"},{\"@type\":\"ListItem\",\"position\":2,\"name\":\"Boutique\",\"item\":\"https:\/\/siroplemag.be\/bruxelles\/boutique\/\"},{\"@type\":\"ListItem\",\"position\":3,\"name\":\"SIROP #lesac\"}]},{\"@type\":\"WebSite\",\"@id\":\"https:\/\/siroplemag.be\/bruxelles\/#website\",\"url\":\"https:\/\/siroplemag.be\/bruxelles\/\",\"name\":\"SIROP DE BRUXELLES\",\"description\":\"Votre magazine semestriel aliment\u00e9 par du contenu exclusif autour d\u2019une baseline forte.\",\"publisher\":{\"@id\":\"https:\/\/siroplemag.be\/bruxelles\/#organization\"},\"potentialAction\":[{\"@type\":\"SearchAction\",\"target\":{\"@type\":\"EntryPoint\",\"urlTemplate\":\"https:\/\/siroplemag.be\/bruxelles\/?s={search_term_string}\"},\"query-input\":{\"@type\":\"PropertyValueSpecification\",\"valueRequired\":true,\"valueName\":\"search_term_string\"}}],\"inLanguage\":\"fr-BE\"},{\"@type\":\"Organization\",\"@id\":\"https:\/\/siroplemag.be\/bruxelles\/#organization\",\"name\":\"SIROP\",\"url\":\"https:\/\/siroplemag.be\/bruxelles\/\",\"logo\":{\"@type\":\"ImageObject\",\"inLanguage\":\"fr-BE\",\"@id\":\"https:\/\/siroplemag.be\/bruxelles\/#\/schema\/logo\/image\/\",\"url\":\"https:\/\/siroplemag.be\/bruxelles\/wp-content\/uploads\/2020\/11\/Sirop_LOGO_AH2020.png\",\"contentUrl\":\"https:\/\/siroplemag.be\/bruxelles\/wp-content\/uploads\/2020\/11\/Sirop_LOGO_AH2020.png\",\"width\":400,\"height\":229,\"caption\":\"SIROP\"},\"image\":{\"@id\":\"https:\/\/siroplemag.be\/bruxelles\/#\/schema\/logo\/image\/\"},\"sameAs\":[\"https:\/\/www.instagram.com\/siroplemag\/\"]}]}<\/script>\n<!-- \/ Yoast SEO plugin. -->","yoast_head_json":{"title":"SIROP #lesac - SIROP DE BRUXELLES","robots":{"index":"index","follow":"follow","max-snippet":"max-snippet:-1","max-image-preview":"max-image-preview:large","max-video-preview":"max-video-preview:-1"},"canonical":"https:\/\/siroplemag.be\/bruxelles\/produit\/sirop-lesac\/","og_locale":"fr_FR","og_type":"article","og_title":"SIROP #lesac - SIROP DE BRUXELLES","og_description":"Adieu tote bags, hello gym bags !  Pour ranger pr\u00e9cieusement vos magazines pr\u00e9f\u00e9r\u00e9s, mettre vos tartines ou vous faire remarquer du Tout- Paris, SIROP vous propose son gym bag exclusif de couleur neutre. Un produit de haute couture, en coton recycl\u00e9 (80%), vegan, fair wear, non toxique et confectionn\u00e9 \u00e0 Li\u00e8ge par Smartex. Un bijou de durabilit\u00e9 et de responsabilit\u00e9 pour un quotidien en pleine conscience.  Le cadeau id\u00e9al pour (s')offrir un \u00e9crin \u00e0 la hauteur de vos lectures. Avec ce gym bag SIROP qui ne laisse personne indiff\u00e9rent, vous l'aurez compris, l'affaire est dans le sac !","og_url":"https:\/\/siroplemag.be\/bruxelles\/produit\/sirop-lesac\/","og_site_name":"SIROP DE BRUXELLES","article_modified_time":"2022-08-18T14:39:49+00:00","og_image":[{"width":800,"height":800,"url":"https:\/\/siroplemag.be\/bruxelles\/wp-content\/uploads\/2022\/02\/2-1.png","type":"image\/png"}],"twitter_card":"summary_large_image","schema":{"@context":"https:\/\/schema.org","@graph":[{"@type":"WebPage","@id":"https:\/\/siroplemag.be\/bruxelles\/produit\/sirop-lesac\/","url":"https:\/\/siroplemag.be\/bruxelles\/produit\/sirop-lesac\/","name":"SIROP #lesac - SIROP DE BRUXELLES","isPartOf":{"@id":"https:\/\/siroplemag.be\/bruxelles\/#website"},"primaryImageOfPage":{"@id":"https:\/\/siroplemag.be\/bruxelles\/produit\/sirop-lesac\/#primaryimage"},"image":{"@id":"https:\/\/siroplemag.be\/bruxelles\/produit\/sirop-lesac\/#primaryimage"},"thumbnailUrl":"https:\/\/siroplemag.be\/bruxelles\/wp-content\/uploads\/2022\/02\/2-1.png","datePublished":"2021-04-28T07:39:47+00:00","dateModified":"2022-08-18T14:39:49+00:00","breadcrumb":{"@id":"https:\/\/siroplemag.be\/bruxelles\/produit\/sirop-lesac\/#breadcrumb"},"inLanguage":"fr-BE","potentialAction":[{"@type":"ReadAction","target":["https:\/\/siroplemag.be\/bruxelles\/produit\/sirop-lesac\/"]}]},{"@type":"ImageObject","inLanguage":"fr-BE","@id":"https:\/\/siroplemag.be\/bruxelles\/produit\/sirop-lesac\/#primaryimage","url":"https:\/\/siroplemag.be\/bruxelles\/wp-content\/uploads\/2022\/02\/2-1.png","contentUrl":"https:\/\/siroplemag.be\/bruxelles\/wp-content\/uploads\/2022\/02\/2-1.png","width":800,"height":800},{"@type":"BreadcrumbList","@id":"https:\/\/siroplemag.be\/bruxelles\/produit\/sirop-lesac\/#breadcrumb","itemListElement":[{"@type":"ListItem","position":1,"name":"Accueil","item":"https:\/\/siroplemag.be\/bruxelles\/"},{"@type":"ListItem","position":2,"name":"Boutique","item":"https:\/\/siroplemag.be\/bruxelles\/boutique\/"},{"@type":"ListItem","position":3,"name":"SIROP #lesac"}]},{"@type":"WebSite","@id":"https:\/\/siroplemag.be\/bruxelles\/#website","url":"https:\/\/siroplemag.be\/bruxelles\/","name":"SIROP DE BRUXELLES","description":"Votre magazine semestriel aliment\u00e9 par du contenu exclusif autour d\u2019une baseline forte.","publisher":{"@id":"https:\/\/siroplemag.be\/bruxelles\/#organization"},"potentialAction":[{"@type":"SearchAction","target":{"@type":"EntryPoint","urlTemplate":"https:\/\/siroplemag.be\/bruxelles\/?s={search_term_string}"},"query-input":{"@type":"PropertyValueSpecification","valueRequired":true,"valueName":"search_term_string"}}],"inLanguage":"fr-BE"},{"@type":"Organization","@id":"https:\/\/siroplemag.be\/bruxelles\/#organization","name":"SIROP","url":"https:\/\/siroplemag.be\/bruxelles\/","logo":{"@type":"ImageObject","inLanguage":"fr-BE","@id":"https:\/\/siroplemag.be\/bruxelles\/#\/schema\/logo\/image\/","url":"https:\/\/siroplemag.be\/bruxelles\/wp-content\/uploads\/2020\/11\/Sirop_LOGO_AH2020.png","contentUrl":"https:\/\/siroplemag.be\/bruxelles\/wp-content\/uploads\/2020\/11\/Sirop_LOGO_AH2020.png","width":400,"height":229,"caption":"SIROP"},"image":{"@id":"https:\/\/siroplemag.be\/bruxelles\/#\/schema\/logo\/image\/"},"sameAs":["https:\/\/www.instagram.com\/siroplemag\/"]}]}},"_links":{"self":[{"href":"https:\/\/siroplemag.be\/bruxelles\/wp-json\/wp\/v2\/product\/781","targetHints":{"allow":["GET"]}}],"collection":[{"href":"https:\/\/siroplemag.be\/bruxelles\/wp-json\/wp\/v2\/product"}],"about":[{"href":"https:\/\/siroplemag.be\/bruxelles\/wp-json\/wp\/v2\/types\/product"}],"replies":[{"embeddable":true,"href":"https:\/\/siroplemag.be\/bruxelles\/wp-json\/wp\/v2\/comments?post=781"}],"wp:featuredmedia":[{"embeddable":true,"href":"https:\/\/siroplemag.be\/bruxelles\/wp-json\/wp\/v2\/media\/782"}],"wp:attachment":[{"href":"https:\/\/siroplemag.be\/bruxelles\/wp-json\/wp\/v2\/media?parent=781"}],"wp:term":[{"taxonomy":"product_brand","embeddable":true,"href":"https:\/\/siroplemag.be\/bruxelles\/wp-json\/wp\/v2\/product_brand?post=781"},{"taxonomy":"product_cat","embeddable":true,"href":"https:\/\/siroplemag.be\/bruxelles\/wp-json\/wp\/v2\/product_cat?post=781"},{"taxonomy":"product_tag","embeddable":true,"href":"https:\/\/siroplemag.be\/bruxelles\/wp-json\/wp\/v2\/product_tag?post=781"}],"curies":[{"name":"wp","href":"https:\/\/api.w.org\/{rel}","templated":true}]}}