{"id":1026,"date":"2023-11-24T16:40:34","date_gmt":"2023-11-24T15:40:34","guid":{"rendered":"https:\/\/siroplemag.be\/liege\/?post_type=product&#038;p=1026"},"modified":"2024-07-08T14:29:00","modified_gmt":"2024-07-08T12:29:00","slug":"sirop-7-lamour-toujours","status":"publish","type":"product","link":"https:\/\/siroplemag.be\/liege\/produit\/sirop-7-lamour-toujours\/","title":{"rendered":"SIROP #7 &#8211; L&rsquo;Amour Toujours"},"content":{"rendered":"<p>Commandez ici un exemplaire du septi\u00e8me num\u00e9ro de SIROP. Bien que SIROP vous soit propos\u00e9 gratuitement, la livraison, elle, ne l&rsquo;est malheureusement pas. 8,5\u20ac la livraison, il arrive avec un timbre en or au moins ? Non, mais chaque magazine fait plus de 500gr et \u00e7a p\u00e8se dans le co\u00fbt de l&rsquo;envoi.<\/p>\n<p>(Envois uniquement en Belgique. Pour l&rsquo;international, merci de prendre contact directement \u00e0 <a href=\"mailto:contact@siroplemag.be\" target=\"_blank\" rel=\"noopener noreferrer\">contact@siroplemag.be<\/a>)<\/p>\n","protected":false},"excerpt":{"rendered":"<p>Le seprti\u00e8me num\u00e9ro de SIROP a pour th\u00e8me central \u00ab\u00a0L&rsquo;Amour Toujours\u00a0\u00bb et a pour th\u00e8me central la romance en Cit\u00e9 ardente, \u00e0 mi chemin entre une lettre d&rsquo;amour \u00e0 la ville et une enqu\u00eate dans l&rsquo;intimit\u00e9 des Li\u00e9geoise et des Li\u00e9geois. Magazine en <strong>pr\u00e9commande<\/strong>. Envois apd. 7\/12\/2023.<\/p>\n","protected":false},"featured_media":1027,"comment_status":"open","ping_status":"closed","template":"","meta":[],"product_brand":[],"product_cat":[15],"product_tag":[],"class_list":{"0":"post-1026","1":"product","2":"type-product","3":"status-publish","4":"has-post-thumbnail","6":"product_cat-non-classe","8":"first","9":"instock","10":"shipping-taxable","11":"purchasable","12":"product-type-simple"},"yoast_head":"<!-- This site is optimized with the Yoast SEO plugin v26.8 - https:\/\/yoast.com\/product\/yoast-seo-wordpress\/ -->\n<title>SIROP #7 - L&#039;Amour Toujours - SIROP<\/title>\n<meta name=\"description\" content=\"Dans ce num\u00e9ro intitul\u00e9 &quot;L&#039;Amour Toujours&quot;, SIROP vous plonge dans l&#039;intimit\u00e9 des Li\u00e9geoises et des Li\u00e9geois\" \/>\n<meta name=\"robots\" content=\"index, follow, max-snippet:-1, max-image-preview:large, max-video-preview:-1\" \/>\n<link rel=\"canonical\" href=\"https:\/\/siroplemag.be\/liege\/produit\/sirop-7-lamour-toujours\/\" \/>\n<meta property=\"og:locale\" content=\"fr_FR\" \/>\n<meta property=\"og:type\" content=\"article\" \/>\n<meta property=\"og:title\" content=\"SIROP #7 - L&#039;Amour Toujours - SIROP\" \/>\n<meta property=\"og:description\" content=\"Dans ce num\u00e9ro intitul\u00e9 &quot;L&#039;Amour Toujours&quot;, SIROP vous plonge dans l&#039;intimit\u00e9 des Li\u00e9geoises et des Li\u00e9geois\" \/>\n<meta property=\"og:url\" content=\"https:\/\/siroplemag.be\/liege\/produit\/sirop-7-lamour-toujours\/\" \/>\n<meta property=\"og:site_name\" content=\"SIROP\" \/>\n<meta property=\"article:modified_time\" content=\"2024-07-08T12:29:00+00:00\" \/>\n<meta property=\"og:image\" content=\"https:\/\/siroplemag.be\/liege\/wp-content\/uploads\/2023\/11\/Design-sans-titre.jpg\" \/>\n\t<meta property=\"og:image:width\" content=\"800\" \/>\n\t<meta property=\"og:image:height\" content=\"800\" \/>\n\t<meta property=\"og:image:type\" content=\"image\/jpeg\" \/>\n<meta name=\"twitter:card\" content=\"summary_large_image\" \/>\n<meta name=\"twitter:label1\" content=\"Dur\u00e9e de lecture est.\" \/>\n\t<meta name=\"twitter:data1\" content=\"1 minute\" \/>\n<script type=\"application\/ld+json\" class=\"yoast-schema-graph\">{\"@context\":\"https:\/\/schema.org\",\"@graph\":[{\"@type\":\"WebPage\",\"@id\":\"https:\/\/siroplemag.be\/liege\/produit\/sirop-7-lamour-toujours\/\",\"url\":\"https:\/\/siroplemag.be\/liege\/produit\/sirop-7-lamour-toujours\/\",\"name\":\"SIROP #7 - L'Amour Toujours - SIROP\",\"isPartOf\":{\"@id\":\"https:\/\/siroplemag.be\/liege\/#website\"},\"primaryImageOfPage\":{\"@id\":\"https:\/\/siroplemag.be\/liege\/produit\/sirop-7-lamour-toujours\/#primaryimage\"},\"image\":{\"@id\":\"https:\/\/siroplemag.be\/liege\/produit\/sirop-7-lamour-toujours\/#primaryimage\"},\"thumbnailUrl\":\"https:\/\/siroplemag.be\/liege\/wp-content\/uploads\/2023\/11\/Design-sans-titre.jpg\",\"datePublished\":\"2023-11-24T15:40:34+00:00\",\"dateModified\":\"2024-07-08T12:29:00+00:00\",\"description\":\"Dans ce num\u00e9ro intitul\u00e9 \\\"L'Amour Toujours\\\", SIROP vous plonge dans l'intimit\u00e9 des Li\u00e9geoises et des Li\u00e9geois\",\"breadcrumb\":{\"@id\":\"https:\/\/siroplemag.be\/liege\/produit\/sirop-7-lamour-toujours\/#breadcrumb\"},\"inLanguage\":\"fr-BE\",\"potentialAction\":[{\"@type\":\"ReadAction\",\"target\":[\"https:\/\/siroplemag.be\/liege\/produit\/sirop-7-lamour-toujours\/\"]}]},{\"@type\":\"ImageObject\",\"inLanguage\":\"fr-BE\",\"@id\":\"https:\/\/siroplemag.be\/liege\/produit\/sirop-7-lamour-toujours\/#primaryimage\",\"url\":\"https:\/\/siroplemag.be\/liege\/wp-content\/uploads\/2023\/11\/Design-sans-titre.jpg\",\"contentUrl\":\"https:\/\/siroplemag.be\/liege\/wp-content\/uploads\/2023\/11\/Design-sans-titre.jpg\",\"width\":800,\"height\":800,\"caption\":\"SIROP\"},{\"@type\":\"BreadcrumbList\",\"@id\":\"https:\/\/siroplemag.be\/liege\/produit\/sirop-7-lamour-toujours\/#breadcrumb\",\"itemListElement\":[{\"@type\":\"ListItem\",\"position\":1,\"name\":\"Accueil\",\"item\":\"https:\/\/siroplemag.be\/liege\/\"},{\"@type\":\"ListItem\",\"position\":2,\"name\":\"Boutique\",\"item\":\"https:\/\/siroplemag.be\/liege\/boutique\/\"},{\"@type\":\"ListItem\",\"position\":3,\"name\":\"SIROP #7 &#8211; L&rsquo;Amour Toujours\"}]},{\"@type\":\"WebSite\",\"@id\":\"https:\/\/siroplemag.be\/liege\/#website\",\"url\":\"https:\/\/siroplemag.be\/liege\/\",\"name\":\"SIROP\",\"description\":\"Votre magazine semestriel aliment\u00e9 par du contenu exclusif autour d\u2019une baseline forte.\",\"publisher\":{\"@id\":\"https:\/\/siroplemag.be\/liege\/#organization\"},\"potentialAction\":[{\"@type\":\"SearchAction\",\"target\":{\"@type\":\"EntryPoint\",\"urlTemplate\":\"https:\/\/siroplemag.be\/liege\/?s={search_term_string}\"},\"query-input\":{\"@type\":\"PropertyValueSpecification\",\"valueRequired\":true,\"valueName\":\"search_term_string\"}}],\"inLanguage\":\"fr-BE\"},{\"@type\":\"Organization\",\"@id\":\"https:\/\/siroplemag.be\/liege\/#organization\",\"name\":\"SIROP\",\"url\":\"https:\/\/siroplemag.be\/liege\/\",\"logo\":{\"@type\":\"ImageObject\",\"inLanguage\":\"fr-BE\",\"@id\":\"https:\/\/siroplemag.be\/liege\/#\/schema\/logo\/image\/\",\"url\":\"https:\/\/siroplemag.be\/liege\/wp-content\/uploads\/2020\/11\/Sirop_LOGO_AH2020.png\",\"contentUrl\":\"https:\/\/siroplemag.be\/liege\/wp-content\/uploads\/2020\/11\/Sirop_LOGO_AH2020.png\",\"width\":400,\"height\":229,\"caption\":\"SIROP\"},\"image\":{\"@id\":\"https:\/\/siroplemag.be\/liege\/#\/schema\/logo\/image\/\"},\"sameAs\":[\"https:\/\/www.instagram.com\/siroplemag\/\"]}]}<\/script>\n<!-- \/ Yoast SEO plugin. -->","yoast_head_json":{"title":"SIROP #7 - L'Amour Toujours - SIROP","description":"Dans ce num\u00e9ro intitul\u00e9 \"L'Amour Toujours\", SIROP vous plonge dans l'intimit\u00e9 des Li\u00e9geoises et des Li\u00e9geois","robots":{"index":"index","follow":"follow","max-snippet":"max-snippet:-1","max-image-preview":"max-image-preview:large","max-video-preview":"max-video-preview:-1"},"canonical":"https:\/\/siroplemag.be\/liege\/produit\/sirop-7-lamour-toujours\/","og_locale":"fr_FR","og_type":"article","og_title":"SIROP #7 - L'Amour Toujours - SIROP","og_description":"Dans ce num\u00e9ro intitul\u00e9 \"L'Amour Toujours\", SIROP vous plonge dans l'intimit\u00e9 des Li\u00e9geoises et des Li\u00e9geois","og_url":"https:\/\/siroplemag.be\/liege\/produit\/sirop-7-lamour-toujours\/","og_site_name":"SIROP","article_modified_time":"2024-07-08T12:29:00+00:00","og_image":[{"width":800,"height":800,"url":"https:\/\/siroplemag.be\/liege\/wp-content\/uploads\/2023\/11\/Design-sans-titre.jpg","type":"image\/jpeg"}],"twitter_card":"summary_large_image","twitter_misc":{"Dur\u00e9e de lecture est.":"1 minute"},"schema":{"@context":"https:\/\/schema.org","@graph":[{"@type":"WebPage","@id":"https:\/\/siroplemag.be\/liege\/produit\/sirop-7-lamour-toujours\/","url":"https:\/\/siroplemag.be\/liege\/produit\/sirop-7-lamour-toujours\/","name":"SIROP #7 - L'Amour Toujours - SIROP","isPartOf":{"@id":"https:\/\/siroplemag.be\/liege\/#website"},"primaryImageOfPage":{"@id":"https:\/\/siroplemag.be\/liege\/produit\/sirop-7-lamour-toujours\/#primaryimage"},"image":{"@id":"https:\/\/siroplemag.be\/liege\/produit\/sirop-7-lamour-toujours\/#primaryimage"},"thumbnailUrl":"https:\/\/siroplemag.be\/liege\/wp-content\/uploads\/2023\/11\/Design-sans-titre.jpg","datePublished":"2023-11-24T15:40:34+00:00","dateModified":"2024-07-08T12:29:00+00:00","description":"Dans ce num\u00e9ro intitul\u00e9 \"L'Amour Toujours\", SIROP vous plonge dans l'intimit\u00e9 des Li\u00e9geoises et des Li\u00e9geois","breadcrumb":{"@id":"https:\/\/siroplemag.be\/liege\/produit\/sirop-7-lamour-toujours\/#breadcrumb"},"inLanguage":"fr-BE","potentialAction":[{"@type":"ReadAction","target":["https:\/\/siroplemag.be\/liege\/produit\/sirop-7-lamour-toujours\/"]}]},{"@type":"ImageObject","inLanguage":"fr-BE","@id":"https:\/\/siroplemag.be\/liege\/produit\/sirop-7-lamour-toujours\/#primaryimage","url":"https:\/\/siroplemag.be\/liege\/wp-content\/uploads\/2023\/11\/Design-sans-titre.jpg","contentUrl":"https:\/\/siroplemag.be\/liege\/wp-content\/uploads\/2023\/11\/Design-sans-titre.jpg","width":800,"height":800,"caption":"SIROP"},{"@type":"BreadcrumbList","@id":"https:\/\/siroplemag.be\/liege\/produit\/sirop-7-lamour-toujours\/#breadcrumb","itemListElement":[{"@type":"ListItem","position":1,"name":"Accueil","item":"https:\/\/siroplemag.be\/liege\/"},{"@type":"ListItem","position":2,"name":"Boutique","item":"https:\/\/siroplemag.be\/liege\/boutique\/"},{"@type":"ListItem","position":3,"name":"SIROP #7 &#8211; L&rsquo;Amour Toujours"}]},{"@type":"WebSite","@id":"https:\/\/siroplemag.be\/liege\/#website","url":"https:\/\/siroplemag.be\/liege\/","name":"SIROP","description":"Votre magazine semestriel aliment\u00e9 par du contenu exclusif autour d\u2019une baseline forte.","publisher":{"@id":"https:\/\/siroplemag.be\/liege\/#organization"},"potentialAction":[{"@type":"SearchAction","target":{"@type":"EntryPoint","urlTemplate":"https:\/\/siroplemag.be\/liege\/?s={search_term_string}"},"query-input":{"@type":"PropertyValueSpecification","valueRequired":true,"valueName":"search_term_string"}}],"inLanguage":"fr-BE"},{"@type":"Organization","@id":"https:\/\/siroplemag.be\/liege\/#organization","name":"SIROP","url":"https:\/\/siroplemag.be\/liege\/","logo":{"@type":"ImageObject","inLanguage":"fr-BE","@id":"https:\/\/siroplemag.be\/liege\/#\/schema\/logo\/image\/","url":"https:\/\/siroplemag.be\/liege\/wp-content\/uploads\/2020\/11\/Sirop_LOGO_AH2020.png","contentUrl":"https:\/\/siroplemag.be\/liege\/wp-content\/uploads\/2020\/11\/Sirop_LOGO_AH2020.png","width":400,"height":229,"caption":"SIROP"},"image":{"@id":"https:\/\/siroplemag.be\/liege\/#\/schema\/logo\/image\/"},"sameAs":["https:\/\/www.instagram.com\/siroplemag\/"]}]}},"_links":{"self":[{"href":"https:\/\/siroplemag.be\/liege\/wp-json\/wp\/v2\/product\/1026","targetHints":{"allow":["GET"]}}],"collection":[{"href":"https:\/\/siroplemag.be\/liege\/wp-json\/wp\/v2\/product"}],"about":[{"href":"https:\/\/siroplemag.be\/liege\/wp-json\/wp\/v2\/types\/product"}],"replies":[{"embeddable":true,"href":"https:\/\/siroplemag.be\/liege\/wp-json\/wp\/v2\/comments?post=1026"}],"wp:featuredmedia":[{"embeddable":true,"href":"https:\/\/siroplemag.be\/liege\/wp-json\/wp\/v2\/media\/1027"}],"wp:attachment":[{"href":"https:\/\/siroplemag.be\/liege\/wp-json\/wp\/v2\/media?parent=1026"}],"wp:term":[{"taxonomy":"product_brand","embeddable":true,"href":"https:\/\/siroplemag.be\/liege\/wp-json\/wp\/v2\/product_brand?post=1026"},{"taxonomy":"product_cat","embeddable":true,"href":"https:\/\/siroplemag.be\/liege\/wp-json\/wp\/v2\/product_cat?post=1026"},{"taxonomy":"product_tag","embeddable":true,"href":"https:\/\/siroplemag.be\/liege\/wp-json\/wp\/v2\/product_tag?post=1026"}],"curies":[{"name":"wp","href":"https:\/\/api.w.org\/{rel}","templated":true}]}}