{"id":539,"date":"2021-04-29T12:42:09","date_gmt":"2021-04-29T10:42:09","guid":{"rendered":"https:\/\/siroplemag.be\/liege\/?post_type=product&#038;p=539"},"modified":"2022-08-18T16:35:01","modified_gmt":"2022-08-18T14:35:01","slug":"un-peu-1-exemplaire-gratuit-sirop-2-livraison","status":"publish","type":"product","link":"https:\/\/siroplemag.be\/liege\/produit\/un-peu-1-exemplaire-gratuit-sirop-2-livraison\/","title":{"rendered":"SIROP #2 &#8211; Jeunes Pousses"},"content":{"rendered":"<p>Commandez ici un exemplaire du deuxi\u00e8me num\u00e9ro de SIROP, livr\u00e9 avec ses stickers in\u00e9dits. Bien que SIROP vous soit propos\u00e9 gratuitement, la livraison, elle, ne l&rsquo;est malheureusement pas. 8,5\u20ac la livraison, il arrive avec un timbre en or au moins ? Non, mais chaque magazine fait 550gr et \u00e7a p\u00e8se dans le co\u00fbt de l&rsquo;envoi.<\/p>\n<p>(Envois uniquement en Belgique. Pour l&rsquo;international, merci de prendre contact directement \u00e0 <a href=\"mailto:contact@siroplemag.be\" target=\"_blank\" rel=\"noopener noreferrer\">contact@siroplemag.be<\/a>)<\/p>\n","protected":false},"excerpt":{"rendered":"<p>Le deuxi\u00e8me num\u00e9ro de SIROP a pour th\u00e8me central \u00ab\u00a0Jeunes Pousses\u00a0\u00bb et m\u00eale jeunesse, nature et nouvelle \u00e9conomie.<\/p>\n","protected":false},"featured_media":720,"comment_status":"open","ping_status":"closed","template":"","meta":[],"product_brand":[],"product_cat":[15],"product_tag":[],"class_list":{"0":"post-539","1":"product","2":"type-product","3":"status-publish","4":"has-post-thumbnail","6":"product_cat-non-classe","8":"first","9":"outofstock","10":"shipping-taxable","11":"purchasable","12":"product-type-simple"},"yoast_head":"<!-- This site is optimized with the Yoast SEO plugin v26.8 - https:\/\/yoast.com\/product\/yoast-seo-wordpress\/ -->\n<title>SIROP #2 - Jeunes Pousses - SIROP<\/title>\n<meta name=\"robots\" content=\"index, follow, max-snippet:-1, max-image-preview:large, max-video-preview:-1\" \/>\n<link rel=\"canonical\" href=\"https:\/\/siroplemag.be\/liege\/produit\/un-peu-1-exemplaire-gratuit-sirop-2-livraison\/\" \/>\n<meta property=\"og:locale\" content=\"fr_FR\" \/>\n<meta property=\"og:type\" content=\"article\" \/>\n<meta property=\"og:title\" content=\"SIROP #2 - Jeunes Pousses - SIROP\" \/>\n<meta property=\"og:description\" content=\"Le deuxi\u00e8me num\u00e9ro de SIROP a pour th\u00e8me central &quot;Jeunes Pousses&quot; et m\u00eale jeunesse, nature et nouvelle \u00e9conomie.\" \/>\n<meta property=\"og:url\" content=\"https:\/\/siroplemag.be\/liege\/produit\/un-peu-1-exemplaire-gratuit-sirop-2-livraison\/\" \/>\n<meta property=\"og:site_name\" content=\"SIROP\" \/>\n<meta property=\"article:modified_time\" content=\"2022-08-18T14:35:01+00:00\" \/>\n<meta property=\"og:image\" content=\"https:\/\/siroplemag.be\/liege\/wp-content\/uploads\/2021\/04\/2.png\" \/>\n\t<meta property=\"og:image:width\" content=\"1200\" \/>\n\t<meta property=\"og:image:height\" content=\"1200\" \/>\n\t<meta property=\"og:image:type\" content=\"image\/png\" \/>\n<meta name=\"twitter:card\" content=\"summary_large_image\" \/>\n<script type=\"application\/ld+json\" class=\"yoast-schema-graph\">{\"@context\":\"https:\/\/schema.org\",\"@graph\":[{\"@type\":\"WebPage\",\"@id\":\"https:\/\/siroplemag.be\/liege\/produit\/un-peu-1-exemplaire-gratuit-sirop-2-livraison\/\",\"url\":\"https:\/\/siroplemag.be\/liege\/produit\/un-peu-1-exemplaire-gratuit-sirop-2-livraison\/\",\"name\":\"SIROP #2 - Jeunes Pousses - SIROP\",\"isPartOf\":{\"@id\":\"https:\/\/siroplemag.be\/liege\/#website\"},\"primaryImageOfPage\":{\"@id\":\"https:\/\/siroplemag.be\/liege\/produit\/un-peu-1-exemplaire-gratuit-sirop-2-livraison\/#primaryimage\"},\"image\":{\"@id\":\"https:\/\/siroplemag.be\/liege\/produit\/un-peu-1-exemplaire-gratuit-sirop-2-livraison\/#primaryimage\"},\"thumbnailUrl\":\"https:\/\/siroplemag.be\/liege\/wp-content\/uploads\/2021\/04\/2.png\",\"datePublished\":\"2021-04-29T10:42:09+00:00\",\"dateModified\":\"2022-08-18T14:35:01+00:00\",\"breadcrumb\":{\"@id\":\"https:\/\/siroplemag.be\/liege\/produit\/un-peu-1-exemplaire-gratuit-sirop-2-livraison\/#breadcrumb\"},\"inLanguage\":\"fr-BE\",\"potentialAction\":[{\"@type\":\"ReadAction\",\"target\":[\"https:\/\/siroplemag.be\/liege\/produit\/un-peu-1-exemplaire-gratuit-sirop-2-livraison\/\"]}]},{\"@type\":\"ImageObject\",\"inLanguage\":\"fr-BE\",\"@id\":\"https:\/\/siroplemag.be\/liege\/produit\/un-peu-1-exemplaire-gratuit-sirop-2-livraison\/#primaryimage\",\"url\":\"https:\/\/siroplemag.be\/liege\/wp-content\/uploads\/2021\/04\/2.png\",\"contentUrl\":\"https:\/\/siroplemag.be\/liege\/wp-content\/uploads\/2021\/04\/2.png\",\"width\":1200,\"height\":1200},{\"@type\":\"BreadcrumbList\",\"@id\":\"https:\/\/siroplemag.be\/liege\/produit\/un-peu-1-exemplaire-gratuit-sirop-2-livraison\/#breadcrumb\",\"itemListElement\":[{\"@type\":\"ListItem\",\"position\":1,\"name\":\"Accueil\",\"item\":\"https:\/\/siroplemag.be\/liege\/\"},{\"@type\":\"ListItem\",\"position\":2,\"name\":\"Boutique\",\"item\":\"https:\/\/siroplemag.be\/liege\/boutique\/\"},{\"@type\":\"ListItem\",\"position\":3,\"name\":\"SIROP #2 &#8211; Jeunes Pousses\"}]},{\"@type\":\"WebSite\",\"@id\":\"https:\/\/siroplemag.be\/liege\/#website\",\"url\":\"https:\/\/siroplemag.be\/liege\/\",\"name\":\"SIROP\",\"description\":\"Votre magazine semestriel aliment\u00e9 par du contenu exclusif autour d\u2019une baseline forte.\",\"publisher\":{\"@id\":\"https:\/\/siroplemag.be\/liege\/#organization\"},\"potentialAction\":[{\"@type\":\"SearchAction\",\"target\":{\"@type\":\"EntryPoint\",\"urlTemplate\":\"https:\/\/siroplemag.be\/liege\/?s={search_term_string}\"},\"query-input\":{\"@type\":\"PropertyValueSpecification\",\"valueRequired\":true,\"valueName\":\"search_term_string\"}}],\"inLanguage\":\"fr-BE\"},{\"@type\":\"Organization\",\"@id\":\"https:\/\/siroplemag.be\/liege\/#organization\",\"name\":\"SIROP\",\"url\":\"https:\/\/siroplemag.be\/liege\/\",\"logo\":{\"@type\":\"ImageObject\",\"inLanguage\":\"fr-BE\",\"@id\":\"https:\/\/siroplemag.be\/liege\/#\/schema\/logo\/image\/\",\"url\":\"https:\/\/siroplemag.be\/liege\/wp-content\/uploads\/2020\/11\/Sirop_LOGO_AH2020.png\",\"contentUrl\":\"https:\/\/siroplemag.be\/liege\/wp-content\/uploads\/2020\/11\/Sirop_LOGO_AH2020.png\",\"width\":400,\"height\":229,\"caption\":\"SIROP\"},\"image\":{\"@id\":\"https:\/\/siroplemag.be\/liege\/#\/schema\/logo\/image\/\"},\"sameAs\":[\"https:\/\/www.instagram.com\/siroplemag\/\"]}]}<\/script>\n<!-- \/ Yoast SEO plugin. -->","yoast_head_json":{"title":"SIROP #2 - Jeunes Pousses - SIROP","robots":{"index":"index","follow":"follow","max-snippet":"max-snippet:-1","max-image-preview":"max-image-preview:large","max-video-preview":"max-video-preview:-1"},"canonical":"https:\/\/siroplemag.be\/liege\/produit\/un-peu-1-exemplaire-gratuit-sirop-2-livraison\/","og_locale":"fr_FR","og_type":"article","og_title":"SIROP #2 - Jeunes Pousses - SIROP","og_description":"Le deuxi\u00e8me num\u00e9ro de SIROP a pour th\u00e8me central \"Jeunes Pousses\" et m\u00eale jeunesse, nature et nouvelle \u00e9conomie.","og_url":"https:\/\/siroplemag.be\/liege\/produit\/un-peu-1-exemplaire-gratuit-sirop-2-livraison\/","og_site_name":"SIROP","article_modified_time":"2022-08-18T14:35:01+00:00","og_image":[{"width":1200,"height":1200,"url":"https:\/\/siroplemag.be\/liege\/wp-content\/uploads\/2021\/04\/2.png","type":"image\/png"}],"twitter_card":"summary_large_image","schema":{"@context":"https:\/\/schema.org","@graph":[{"@type":"WebPage","@id":"https:\/\/siroplemag.be\/liege\/produit\/un-peu-1-exemplaire-gratuit-sirop-2-livraison\/","url":"https:\/\/siroplemag.be\/liege\/produit\/un-peu-1-exemplaire-gratuit-sirop-2-livraison\/","name":"SIROP #2 - Jeunes Pousses - SIROP","isPartOf":{"@id":"https:\/\/siroplemag.be\/liege\/#website"},"primaryImageOfPage":{"@id":"https:\/\/siroplemag.be\/liege\/produit\/un-peu-1-exemplaire-gratuit-sirop-2-livraison\/#primaryimage"},"image":{"@id":"https:\/\/siroplemag.be\/liege\/produit\/un-peu-1-exemplaire-gratuit-sirop-2-livraison\/#primaryimage"},"thumbnailUrl":"https:\/\/siroplemag.be\/liege\/wp-content\/uploads\/2021\/04\/2.png","datePublished":"2021-04-29T10:42:09+00:00","dateModified":"2022-08-18T14:35:01+00:00","breadcrumb":{"@id":"https:\/\/siroplemag.be\/liege\/produit\/un-peu-1-exemplaire-gratuit-sirop-2-livraison\/#breadcrumb"},"inLanguage":"fr-BE","potentialAction":[{"@type":"ReadAction","target":["https:\/\/siroplemag.be\/liege\/produit\/un-peu-1-exemplaire-gratuit-sirop-2-livraison\/"]}]},{"@type":"ImageObject","inLanguage":"fr-BE","@id":"https:\/\/siroplemag.be\/liege\/produit\/un-peu-1-exemplaire-gratuit-sirop-2-livraison\/#primaryimage","url":"https:\/\/siroplemag.be\/liege\/wp-content\/uploads\/2021\/04\/2.png","contentUrl":"https:\/\/siroplemag.be\/liege\/wp-content\/uploads\/2021\/04\/2.png","width":1200,"height":1200},{"@type":"BreadcrumbList","@id":"https:\/\/siroplemag.be\/liege\/produit\/un-peu-1-exemplaire-gratuit-sirop-2-livraison\/#breadcrumb","itemListElement":[{"@type":"ListItem","position":1,"name":"Accueil","item":"https:\/\/siroplemag.be\/liege\/"},{"@type":"ListItem","position":2,"name":"Boutique","item":"https:\/\/siroplemag.be\/liege\/boutique\/"},{"@type":"ListItem","position":3,"name":"SIROP #2 &#8211; Jeunes Pousses"}]},{"@type":"WebSite","@id":"https:\/\/siroplemag.be\/liege\/#website","url":"https:\/\/siroplemag.be\/liege\/","name":"SIROP","description":"Votre magazine semestriel aliment\u00e9 par du contenu exclusif autour d\u2019une baseline forte.","publisher":{"@id":"https:\/\/siroplemag.be\/liege\/#organization"},"potentialAction":[{"@type":"SearchAction","target":{"@type":"EntryPoint","urlTemplate":"https:\/\/siroplemag.be\/liege\/?s={search_term_string}"},"query-input":{"@type":"PropertyValueSpecification","valueRequired":true,"valueName":"search_term_string"}}],"inLanguage":"fr-BE"},{"@type":"Organization","@id":"https:\/\/siroplemag.be\/liege\/#organization","name":"SIROP","url":"https:\/\/siroplemag.be\/liege\/","logo":{"@type":"ImageObject","inLanguage":"fr-BE","@id":"https:\/\/siroplemag.be\/liege\/#\/schema\/logo\/image\/","url":"https:\/\/siroplemag.be\/liege\/wp-content\/uploads\/2020\/11\/Sirop_LOGO_AH2020.png","contentUrl":"https:\/\/siroplemag.be\/liege\/wp-content\/uploads\/2020\/11\/Sirop_LOGO_AH2020.png","width":400,"height":229,"caption":"SIROP"},"image":{"@id":"https:\/\/siroplemag.be\/liege\/#\/schema\/logo\/image\/"},"sameAs":["https:\/\/www.instagram.com\/siroplemag\/"]}]}},"_links":{"self":[{"href":"https:\/\/siroplemag.be\/liege\/wp-json\/wp\/v2\/product\/539","targetHints":{"allow":["GET"]}}],"collection":[{"href":"https:\/\/siroplemag.be\/liege\/wp-json\/wp\/v2\/product"}],"about":[{"href":"https:\/\/siroplemag.be\/liege\/wp-json\/wp\/v2\/types\/product"}],"replies":[{"embeddable":true,"href":"https:\/\/siroplemag.be\/liege\/wp-json\/wp\/v2\/comments?post=539"}],"wp:featuredmedia":[{"embeddable":true,"href":"https:\/\/siroplemag.be\/liege\/wp-json\/wp\/v2\/media\/720"}],"wp:attachment":[{"href":"https:\/\/siroplemag.be\/liege\/wp-json\/wp\/v2\/media?parent=539"}],"wp:term":[{"taxonomy":"product_brand","embeddable":true,"href":"https:\/\/siroplemag.be\/liege\/wp-json\/wp\/v2\/product_brand?post=539"},{"taxonomy":"product_cat","embeddable":true,"href":"https:\/\/siroplemag.be\/liege\/wp-json\/wp\/v2\/product_cat?post=539"},{"taxonomy":"product_tag","embeddable":true,"href":"https:\/\/siroplemag.be\/liege\/wp-json\/wp\/v2\/product_tag?post=539"}],"curies":[{"name":"wp","href":"https:\/\/api.w.org\/{rel}","templated":true}]}}